{"id":326,"date":"2025-03-07T22:11:00","date_gmt":"2025-03-07T22:11:00","guid":{"rendered":"https:\/\/biodiversa.ec\/?page_id=326"},"modified":"2025-03-09T21:30:25","modified_gmt":"2025-03-09T21:30:25","slug":"proyectos","status":"publish","type":"page","link":"https:\/\/biodiversa.ec\/en\/proyectos\/","title":{"rendered":"Projects"},"content":{"rendered":"<div data-elementor-type=\"wp-page\" data-elementor-id=\"326\" class=\"elementor elementor-326\" data-elementor-post-type=\"page\">\n\t\t\t\t<div class=\"elementor-element elementor-element-312916c e-con-full e-flex e-con e-parent\" data-id=\"312916c\" data-element_type=\"container\" data-settings=\"{&quot;background_background&quot;:&quot;classic&quot;}\">\n\t\t\t\t<div class=\"elementor-element elementor-element-8924129 elementor-widget elementor-widget-heading\" data-id=\"8924129\" data-element_type=\"widget\" data-widget_type=\"heading.default\">\n\t\t\t\t<div class=\"elementor-widget-container\">\n\t\t\t\t\t<h2 class=\"elementor-heading-title elementor-size-default\">Projects<\/h2>\t\t\t\t<\/div>\n\t\t\t\t<\/div>\n\t\t\t\t<\/div>\n\t\t<div class=\"elementor-element elementor-element-0f176ea e-flex e-con-boxed e-con e-parent\" data-id=\"0f176ea\" data-element_type=\"container\">\n\t\t\t\t\t<div class=\"e-con-inner\">\n\t\t\t\t<div class=\"elementor-element elementor-element-4cf7b8b elementor-widget elementor-widget-text-editor\" data-id=\"4cf7b8b\" data-element_type=\"widget\" data-widget_type=\"text-editor.default\">\n\t\t\t\t<div class=\"elementor-widget-container\">\n\t\t\t\t\t\t\t\t\t<p>Explore our projects in conservation and environmental consulting.<\/p>\t\t\t\t\t\t\t\t<\/div>\n\t\t\t\t<\/div>\n\t\t\t\t\t<\/div>\n\t\t\t\t<\/div>\n\t\t<div class=\"elementor-element elementor-element-70a259b e-flex e-con-boxed e-con e-parent\" data-id=\"70a259b\" data-element_type=\"container\">\n\t\t\t\t\t<div class=\"e-con-inner\">\n\t\t\t\t<div class=\"elementor-element elementor-element-80dd2a3 elementor-grid-3 elementor-grid-tablet-2 elementor-grid-mobile-1 elementor-posts--thumbnail-top elementor-posts--show-avatar elementor-card-shadow-yes elementor-posts__hover-gradient elementor-widget elementor-widget-posts\" data-id=\"80dd2a3\" data-element_type=\"widget\" data-settings=\"{&quot;pagination_type&quot;:&quot;numbers_and_prev_next&quot;,&quot;cards_masonry&quot;:&quot;yes&quot;,&quot;cards_columns&quot;:&quot;3&quot;,&quot;cards_columns_tablet&quot;:&quot;2&quot;,&quot;cards_columns_mobile&quot;:&quot;1&quot;,&quot;cards_row_gap&quot;:{&quot;unit&quot;:&quot;px&quot;,&quot;size&quot;:35,&quot;sizes&quot;:[]},&quot;cards_row_gap_tablet&quot;:{&quot;unit&quot;:&quot;px&quot;,&quot;size&quot;:&quot;&quot;,&quot;sizes&quot;:[]},&quot;cards_row_gap_mobile&quot;:{&quot;unit&quot;:&quot;px&quot;,&quot;size&quot;:&quot;&quot;,&quot;sizes&quot;:[]}}\" data-widget_type=\"posts.cards\">\n\t\t\t\t<div class=\"elementor-widget-container\">\n\t\t\t\t\t\t\t<div class=\"elementor-posts-container elementor-posts elementor-posts--skin-cards elementor-grid\">\n\t\t\t\t<article class=\"elementor-post elementor-grid-item post-969 post type-post status-publish format-standard has-post-thumbnail hentry category-proyectos-desarrollados\">\n\t\t\t<div class=\"elementor-post__card\">\n\t\t\t\t<a class=\"elementor-post__thumbnail__link\" href=\"https:\/\/biodiversa.ec\/en\/estudio-de-la-efectividad-del-sistema-de-monitoreo-de-embarcaciones-con-el-fin-de-optimizar-el-control-y-vigilancia-y-analisis-de-acciones-de-pesca-ilegal-dentro-de-la-reserva-marina-de-galapagos-da\/\" tabindex=\"-1\" target=\"_blank\"><div class=\"elementor-post__thumbnail\"><img fetchpriority=\"high\" decoding=\"async\" width=\"225\" height=\"300\" src=\"https:\/\/biodiversa.ec\/wp-content\/uploads\/2012\/06\/Diapositiva16-225x300.jpg\" class=\"attachment-medium size-medium wp-image-917\" alt=\"\" srcset=\"https:\/\/biodiversa.ec\/wp-content\/uploads\/2012\/06\/Diapositiva16-225x300.jpg 225w, https:\/\/biodiversa.ec\/wp-content\/uploads\/2012\/06\/Diapositiva16.jpg 720w\" sizes=\"(max-width: 225px) 100vw, 225px\" \/><\/div><\/a>\n\t\t\t\t<div class=\"elementor-post__badge\">Developed Projects<\/div>\n\t\t\t\t<div class=\"elementor-post__avatar\">\n\t\t\t<img alt='admin' src='https:\/\/secure.gravatar.com\/avatar\/62310dc20fb87929a6053bd85dd59f9462bfbec401c9bfdfc9f34706d467cf10?s=128&#038;d=mm&#038;r=g' srcset='https:\/\/secure.gravatar.com\/avatar\/62310dc20fb87929a6053bd85dd59f9462bfbec401c9bfdfc9f34706d467cf10?s=256&#038;d=mm&#038;r=g 2x' class='avatar avatar-128 photo' height='128' width='128' \/>\t\t<\/div>\n\t\t\t\t<div class=\"elementor-post__text\">\n\t\t\t\t<h3 class=\"elementor-post__title\">\n\t\t\t<a href=\"https:\/\/biodiversa.ec\/en\/estudio-de-la-efectividad-del-sistema-de-monitoreo-de-embarcaciones-con-el-fin-de-optimizar-el-control-y-vigilancia-y-analisis-de-acciones-de-pesca-ilegal-dentro-de-la-reserva-marina-de-galapagos-da\/\" target=\"&quot;_blank&quot;\">\n\t\t\t\tStudy on the Effectiveness of the Vessel Monitoring System to Optimize Control and Surveillance and Analyze Illegal Fishing Activities within the Gal\u00e1pagos Marine Reserve (Data 2022-2023)\t\t\t<\/a>\n\t\t<\/h3>\n\t\t\t\t<div class=\"elementor-post__excerpt\">\n\t\t\t\t\t<\/div>\n\t\t\n\t\t<a class=\"elementor-post__read-more\" href=\"https:\/\/biodiversa.ec\/en\/estudio-de-la-efectividad-del-sistema-de-monitoreo-de-embarcaciones-con-el-fin-de-optimizar-el-control-y-vigilancia-y-analisis-de-acciones-de-pesca-ilegal-dentro-de-la-reserva-marina-de-galapagos-da\/\" aria-label=\"Read more about Estudio de la efectividad del sistema de monitoreo de embarcaciones con el fin de optimizar el control y vigilancia y an\u00e1lisis de acciones de pesca ilegal dentro de la Reserva Marina de Gal\u00e1pagos  (Datos 2022-2023)\" tabindex=\"-1\" target=\"_blank\">\n\t\t\tRead more\t\t<\/a>\n\n\t\t\t\t<\/div>\n\t\t\t\t<div class=\"elementor-post__meta-data\">\n\t\t\t\t\t<span class=\"elementor-post-date\">\n\t\t\tMarch 14, 2025\t\t<\/span>\n\t\t\t\t<span class=\"elementor-post-avatar\">\n\t\t\tNo Comments\t\t<\/span>\n\t\t\t\t<\/div>\n\t\t\t\t\t<\/div>\n\t\t<\/article>\n\t\t\t\t<article class=\"elementor-post elementor-grid-item post-485 post type-post status-publish format-standard has-post-thumbnail hentry category-proyectos-desarrollados\">\n\t\t\t<div class=\"elementor-post__card\">\n\t\t\t\t<a class=\"elementor-post__thumbnail__link\" href=\"https:\/\/biodiversa.ec\/en\/proyecto-digitalizacion-ingreso-de-informacion-y-analisis-estadistico-de-la-base-de-datos-de-la-plataforma-de-control-de-usos-de-la-direccion-del-parque-nacional-galapagos\/\" tabindex=\"-1\" target=\"_blank\"><div class=\"elementor-post__thumbnail\"><img decoding=\"async\" width=\"225\" height=\"300\" src=\"https:\/\/biodiversa.ec\/wp-content\/uploads\/2012\/06\/Diapositiva15-225x300.jpg\" class=\"attachment-medium size-medium wp-image-916\" alt=\"\" srcset=\"https:\/\/biodiversa.ec\/wp-content\/uploads\/2012\/06\/Diapositiva15-225x300.jpg 225w, https:\/\/biodiversa.ec\/wp-content\/uploads\/2012\/06\/Diapositiva15.jpg 720w\" sizes=\"(max-width: 225px) 100vw, 225px\" \/><\/div><\/a>\n\t\t\t\t<div class=\"elementor-post__badge\">Developed Projects<\/div>\n\t\t\t\t<div class=\"elementor-post__avatar\">\n\t\t\t<img alt='admin' src='https:\/\/secure.gravatar.com\/avatar\/62310dc20fb87929a6053bd85dd59f9462bfbec401c9bfdfc9f34706d467cf10?s=128&#038;d=mm&#038;r=g' srcset='https:\/\/secure.gravatar.com\/avatar\/62310dc20fb87929a6053bd85dd59f9462bfbec401c9bfdfc9f34706d467cf10?s=256&#038;d=mm&#038;r=g 2x' class='avatar avatar-128 photo' height='128' width='128' \/>\t\t<\/div>\n\t\t\t\t<div class=\"elementor-post__text\">\n\t\t\t\t<h3 class=\"elementor-post__title\">\n\t\t\t<a href=\"https:\/\/biodiversa.ec\/en\/proyecto-digitalizacion-ingreso-de-informacion-y-analisis-estadistico-de-la-base-de-datos-de-la-plataforma-de-control-de-usos-de-la-direccion-del-parque-nacional-galapagos\/\" target=\"&quot;_blank&quot;\">\n\t\t\t\tProject: Digitization, Data Entry, and Statistical Analysis of the Database of the Use Control Platform of the Gal\u00e1pagos National Park Directorate\t\t\t<\/a>\n\t\t<\/h3>\n\t\t\t\t<div class=\"elementor-post__excerpt\">\n\t\t\t<p>Cliente: WildAid Fecha:\u00a0 Febrero 2024 &#8211; Diciembre 2024<\/p>\n\t\t<\/div>\n\t\t\n\t\t<a class=\"elementor-post__read-more\" href=\"https:\/\/biodiversa.ec\/en\/proyecto-digitalizacion-ingreso-de-informacion-y-analisis-estadistico-de-la-base-de-datos-de-la-plataforma-de-control-de-usos-de-la-direccion-del-parque-nacional-galapagos\/\" aria-label=\"Read more about Proyecto: Digitalizaci\u00f3n, ingreso de informaci\u00f3n y an\u00e1lisis estad\u00edstico de la base de datos de la plataforma de Control de Usos de la Direcci\u00f3n del Parque Nacional Gal\u00e1pagos\" tabindex=\"-1\" target=\"_blank\">\n\t\t\tRead more\t\t<\/a>\n\n\t\t\t\t<\/div>\n\t\t\t\t<div class=\"elementor-post__meta-data\">\n\t\t\t\t\t<span class=\"elementor-post-date\">\n\t\t\tFebruary 7, 2024\t\t<\/span>\n\t\t\t\t<span class=\"elementor-post-avatar\">\n\t\t\tNo Comments\t\t<\/span>\n\t\t\t\t<\/div>\n\t\t\t\t\t<\/div>\n\t\t<\/article>\n\t\t\t\t<article class=\"elementor-post elementor-grid-item post-411 post type-post status-publish format-standard has-post-thumbnail hentry category-proyectos-desarrollados\">\n\t\t\t<div class=\"elementor-post__card\">\n\t\t\t\t<a class=\"elementor-post__thumbnail__link\" href=\"https:\/\/biodiversa.ec\/en\/proyecto-estudio-de-la-efectividad-del-sistema-de-monitoreo-de-embarcaciones-con-el-fin-de-optimizar-el-control-y-vigilancia-y-analisis-de-acciones-de-pesca-ilegal-dentro-de-la-reserva-marina-de\/\" tabindex=\"-1\" target=\"_blank\"><div class=\"elementor-post__thumbnail\"><img decoding=\"async\" width=\"225\" height=\"300\" src=\"https:\/\/biodiversa.ec\/wp-content\/uploads\/2012\/06\/Diapositiva14-225x300.jpg\" class=\"attachment-medium size-medium wp-image-915\" alt=\"\" srcset=\"https:\/\/biodiversa.ec\/wp-content\/uploads\/2012\/06\/Diapositiva14-225x300.jpg 225w, https:\/\/biodiversa.ec\/wp-content\/uploads\/2012\/06\/Diapositiva14.jpg 720w\" sizes=\"(max-width: 225px) 100vw, 225px\" \/><\/div><\/a>\n\t\t\t\t<div class=\"elementor-post__badge\">Developed Projects<\/div>\n\t\t\t\t<div class=\"elementor-post__avatar\">\n\t\t\t<img alt='admin' src='https:\/\/secure.gravatar.com\/avatar\/62310dc20fb87929a6053bd85dd59f9462bfbec401c9bfdfc9f34706d467cf10?s=128&#038;d=mm&#038;r=g' srcset='https:\/\/secure.gravatar.com\/avatar\/62310dc20fb87929a6053bd85dd59f9462bfbec401c9bfdfc9f34706d467cf10?s=256&#038;d=mm&#038;r=g 2x' class='avatar avatar-128 photo' height='128' width='128' \/>\t\t<\/div>\n\t\t\t\t<div class=\"elementor-post__text\">\n\t\t\t\t<h3 class=\"elementor-post__title\">\n\t\t\t<a href=\"https:\/\/biodiversa.ec\/en\/proyecto-estudio-de-la-efectividad-del-sistema-de-monitoreo-de-embarcaciones-con-el-fin-de-optimizar-el-control-y-vigilancia-y-analisis-de-acciones-de-pesca-ilegal-dentro-de-la-reserva-marina-de\/\" target=\"&quot;_blank&quot;\">\n\t\t\t\tProject: Study on the Effectiveness of the Vessel Monitoring System to Optimize Control and Surveillance and Analyze Illegal Fishing Activities within the Gal\u00e1pagos Marine Reserve (Data 2019-2021)\t\t\t<\/a>\n\t\t<\/h3>\n\t\t\t\t<div class=\"elementor-post__excerpt\">\n\t\t\t<p>Cliente: WildAid Fecha: Enero 2024 13 Proyecto:\u00a0Estudio de la efectividad<\/p>\n\t\t<\/div>\n\t\t\n\t\t<a class=\"elementor-post__read-more\" href=\"https:\/\/biodiversa.ec\/en\/proyecto-estudio-de-la-efectividad-del-sistema-de-monitoreo-de-embarcaciones-con-el-fin-de-optimizar-el-control-y-vigilancia-y-analisis-de-acciones-de-pesca-ilegal-dentro-de-la-reserva-marina-de\/\" aria-label=\"Read more about Proyecto:\u00a0Estudio de la efectividad del sistema de monitoreo de embarcaciones con el fin de optimizar el control y vigilancia y an\u00e1lisis de acciones de pesca ilegal dentro de la Reserva Marina de Gal\u00e1pagos (Datos 2019-2021)\" tabindex=\"-1\" target=\"_blank\">\n\t\t\tRead more\t\t<\/a>\n\n\t\t\t\t<\/div>\n\t\t\t\t<div class=\"elementor-post__meta-data\">\n\t\t\t\t\t<span class=\"elementor-post-date\">\n\t\t\tJanuary 7, 2024\t\t<\/span>\n\t\t\t\t<span class=\"elementor-post-avatar\">\n\t\t\tNo Comments\t\t<\/span>\n\t\t\t\t<\/div>\n\t\t\t\t\t<\/div>\n\t\t<\/article>\n\t\t\t\t<article class=\"elementor-post elementor-grid-item post-409 post type-post status-publish format-standard has-post-thumbnail hentry category-proyectos-desarrollados\">\n\t\t\t<div class=\"elementor-post__card\">\n\t\t\t\t<a class=\"elementor-post__thumbnail__link\" href=\"https:\/\/biodiversa.ec\/en\/proyecto-sistematizacion-de-informacion-para-diagnostico-plan-de-accion-de-economia-azul-galapagos\/\" tabindex=\"-1\" target=\"_blank\"><div class=\"elementor-post__thumbnail\"><img loading=\"lazy\" decoding=\"async\" width=\"225\" height=\"300\" src=\"https:\/\/biodiversa.ec\/wp-content\/uploads\/2012\/06\/Diapositiva13-225x300.jpg\" class=\"attachment-medium size-medium wp-image-914\" alt=\"\" srcset=\"https:\/\/biodiversa.ec\/wp-content\/uploads\/2012\/06\/Diapositiva13-225x300.jpg 225w, https:\/\/biodiversa.ec\/wp-content\/uploads\/2012\/06\/Diapositiva13.jpg 720w\" sizes=\"(max-width: 225px) 100vw, 225px\" \/><\/div><\/a>\n\t\t\t\t<div class=\"elementor-post__badge\">Developed Projects<\/div>\n\t\t\t\t<div class=\"elementor-post__avatar\">\n\t\t\t<img alt='admin' src='https:\/\/secure.gravatar.com\/avatar\/62310dc20fb87929a6053bd85dd59f9462bfbec401c9bfdfc9f34706d467cf10?s=128&#038;d=mm&#038;r=g' srcset='https:\/\/secure.gravatar.com\/avatar\/62310dc20fb87929a6053bd85dd59f9462bfbec401c9bfdfc9f34706d467cf10?s=256&#038;d=mm&#038;r=g 2x' class='avatar avatar-128 photo' height='128' width='128' \/>\t\t<\/div>\n\t\t\t\t<div class=\"elementor-post__text\">\n\t\t\t\t<h3 class=\"elementor-post__title\">\n\t\t\t<a href=\"https:\/\/biodiversa.ec\/en\/proyecto-sistematizacion-de-informacion-para-diagnostico-plan-de-accion-de-economia-azul-galapagos\/\" target=\"&quot;_blank&quot;\">\n\t\t\t\tProject: Information Systematization for Diagnosis \u2013 Blue Economy Action Plan \u2013 Gal\u00e1pagos\t\t\t<\/a>\n\t\t<\/h3>\n\t\t\t\t<div class=\"elementor-post__excerpt\">\n\t\t\t<p>Cliente: WildAid \u00a0 Fecha: Diciembre 2023<\/p>\n\t\t<\/div>\n\t\t\n\t\t<a class=\"elementor-post__read-more\" href=\"https:\/\/biodiversa.ec\/en\/proyecto-sistematizacion-de-informacion-para-diagnostico-plan-de-accion-de-economia-azul-galapagos\/\" aria-label=\"Read more about Proyecto:\u00a0Sistematizaci\u00f3n de informaci\u00f3n para diagn\u00f3stico: Plan de Acci\u00f3n de Econom\u00eda Azul &#8211; Gal\u00e1pagos\" tabindex=\"-1\" target=\"_blank\">\n\t\t\tRead more\t\t<\/a>\n\n\t\t\t\t<\/div>\n\t\t\t\t<div class=\"elementor-post__meta-data\">\n\t\t\t\t\t<span class=\"elementor-post-date\">\n\t\t\tDecember 7, 2023\t\t<\/span>\n\t\t\t\t<span class=\"elementor-post-avatar\">\n\t\t\tNo Comments\t\t<\/span>\n\t\t\t\t<\/div>\n\t\t\t\t\t<\/div>\n\t\t<\/article>\n\t\t\t\t<article class=\"elementor-post elementor-grid-item post-428 post type-post status-publish format-standard has-post-thumbnail hentry category-proyectos-desarrollados\">\n\t\t\t<div class=\"elementor-post__card\">\n\t\t\t\t<a class=\"elementor-post__thumbnail__link\" href=\"https:\/\/biodiversa.ec\/en\/proyecto-an-analysis-of-the-economic-impacts-of-the-special-regime-of-the-galapagos-province-organic-law-loreg\/\" tabindex=\"-1\" target=\"_blank\"><div class=\"elementor-post__thumbnail\"><img loading=\"lazy\" decoding=\"async\" width=\"225\" height=\"300\" src=\"https:\/\/biodiversa.ec\/wp-content\/uploads\/2012\/06\/Diapositiva12-225x300.jpg\" class=\"attachment-medium size-medium wp-image-913\" alt=\"\" srcset=\"https:\/\/biodiversa.ec\/wp-content\/uploads\/2012\/06\/Diapositiva12-225x300.jpg 225w, https:\/\/biodiversa.ec\/wp-content\/uploads\/2012\/06\/Diapositiva12.jpg 720w\" sizes=\"(max-width: 225px) 100vw, 225px\" \/><\/div><\/a>\n\t\t\t\t<div class=\"elementor-post__badge\">Developed Projects<\/div>\n\t\t\t\t<div class=\"elementor-post__avatar\">\n\t\t\t<img alt='admin' src='https:\/\/secure.gravatar.com\/avatar\/62310dc20fb87929a6053bd85dd59f9462bfbec401c9bfdfc9f34706d467cf10?s=128&#038;d=mm&#038;r=g' srcset='https:\/\/secure.gravatar.com\/avatar\/62310dc20fb87929a6053bd85dd59f9462bfbec401c9bfdfc9f34706d467cf10?s=256&#038;d=mm&#038;r=g 2x' class='avatar avatar-128 photo' height='128' width='128' \/>\t\t<\/div>\n\t\t\t\t<div class=\"elementor-post__text\">\n\t\t\t\t<h3 class=\"elementor-post__title\">\n\t\t\t<a href=\"https:\/\/biodiversa.ec\/en\/proyecto-an-analysis-of-the-economic-impacts-of-the-special-regime-of-the-galapagos-province-organic-law-loreg\/\" target=\"&quot;_blank&quot;\">\n\t\t\t\tProject: An analysis of the economic impacts of the Special Regime of the Galapagos Province Organic Law (LOREG)\t\t\t<\/a>\n\t\t<\/h3>\n\t\t\t\t<div class=\"elementor-post__excerpt\">\n\t\t\t<p>Cliente: Universidad de las Am\u00e9ricas Fecha: Agosto 2022 &#8211; Septiembre<\/p>\n\t\t<\/div>\n\t\t\n\t\t<a class=\"elementor-post__read-more\" href=\"https:\/\/biodiversa.ec\/en\/proyecto-an-analysis-of-the-economic-impacts-of-the-special-regime-of-the-galapagos-province-organic-law-loreg\/\" aria-label=\"Read more about Proyecto: An analysis of the economic impacts of the Special Regime of the Galapagos Province Organic Law (LOREG)\" tabindex=\"-1\" target=\"_blank\">\n\t\t\tRead more\t\t<\/a>\n\n\t\t\t\t<\/div>\n\t\t\t\t<div class=\"elementor-post__meta-data\">\n\t\t\t\t\t<span class=\"elementor-post-date\">\n\t\t\tAugust 7, 2023\t\t<\/span>\n\t\t\t\t<span class=\"elementor-post-avatar\">\n\t\t\tNo Comments\t\t<\/span>\n\t\t\t\t<\/div>\n\t\t\t\t\t<\/div>\n\t\t<\/article>\n\t\t\t\t<article class=\"elementor-post elementor-grid-item post-389 post type-post status-publish format-standard has-post-thumbnail hentry category-proyectos-desarrollados\">\n\t\t\t<div class=\"elementor-post__card\">\n\t\t\t\t<a class=\"elementor-post__thumbnail__link\" href=\"https:\/\/biodiversa.ec\/en\/elaboracion-de-documentos-tecnicos-para-el-fortalecimiento-de-la-unidad-tecnica-del-gad-parroquial-de-bellavista\/\" tabindex=\"-1\" target=\"_blank\"><div class=\"elementor-post__thumbnail\"><img loading=\"lazy\" decoding=\"async\" width=\"225\" height=\"300\" src=\"https:\/\/biodiversa.ec\/wp-content\/uploads\/2012\/06\/Diapositiva11-225x300.jpg\" class=\"attachment-medium size-medium wp-image-912\" alt=\"\" srcset=\"https:\/\/biodiversa.ec\/wp-content\/uploads\/2012\/06\/Diapositiva11-225x300.jpg 225w, https:\/\/biodiversa.ec\/wp-content\/uploads\/2012\/06\/Diapositiva11.jpg 720w\" sizes=\"(max-width: 225px) 100vw, 225px\" \/><\/div><\/a>\n\t\t\t\t<div class=\"elementor-post__badge\">Developed Projects<\/div>\n\t\t\t\t<div class=\"elementor-post__avatar\">\n\t\t\t<img alt='admin' src='https:\/\/secure.gravatar.com\/avatar\/62310dc20fb87929a6053bd85dd59f9462bfbec401c9bfdfc9f34706d467cf10?s=128&#038;d=mm&#038;r=g' srcset='https:\/\/secure.gravatar.com\/avatar\/62310dc20fb87929a6053bd85dd59f9462bfbec401c9bfdfc9f34706d467cf10?s=256&#038;d=mm&#038;r=g 2x' class='avatar avatar-128 photo' height='128' width='128' \/>\t\t<\/div>\n\t\t\t\t<div class=\"elementor-post__text\">\n\t\t\t\t<h3 class=\"elementor-post__title\">\n\t\t\t<a href=\"https:\/\/biodiversa.ec\/en\/elaboracion-de-documentos-tecnicos-para-el-fortalecimiento-de-la-unidad-tecnica-del-gad-parroquial-de-bellavista\/\" target=\"&quot;_blank&quot;\">\n\t\t\t\tPreparation of Technical Documents for Strengthening the Technical Unit of the Bellavista GAD\t\t\t<\/a>\n\t\t<\/h3>\n\t\t\t\t<div class=\"elementor-post__excerpt\">\n\t\t\t<p>Ubicaci\u00f3n: Santa Cruz, EcuadorCliente: Gobierno Aut\u00f3nomo Descentralizado Parroquial de BellavistaProductos:<\/p>\n\t\t<\/div>\n\t\t\n\t\t<a class=\"elementor-post__read-more\" href=\"https:\/\/biodiversa.ec\/en\/elaboracion-de-documentos-tecnicos-para-el-fortalecimiento-de-la-unidad-tecnica-del-gad-parroquial-de-bellavista\/\" aria-label=\"Read more about Elaboraci\u00f3n de Documentos T\u00e9cnicos para el Fortalecimiento de la Unidad T\u00e9cnica del GAD Parroquial de Bellavista\" tabindex=\"-1\" target=\"_blank\">\n\t\t\tRead more\t\t<\/a>\n\n\t\t\t\t<\/div>\n\t\t\t\t<div class=\"elementor-post__meta-data\">\n\t\t\t\t\t<span class=\"elementor-post-date\">\n\t\t\tMarch 7, 2017\t\t<\/span>\n\t\t\t\t<span class=\"elementor-post-avatar\">\n\t\t\tNo Comments\t\t<\/span>\n\t\t\t\t<\/div>\n\t\t\t\t\t<\/div>\n\t\t<\/article>\n\t\t\t\t<\/div>\n\t\t\n\t\t\t\t<div class=\"e-load-more-anchor\" data-page=\"1\" data-max-page=\"3\" data-next-page=\"https:\/\/biodiversa.ec\/en\/wp-json\/wp\/v2\/pages\/326\/page\/2\/\"><\/div>\n\t\t\t\t<nav class=\"elementor-pagination\" aria-label=\"Pagination\">\n\t\t\t<span class=\"page-numbers prev\">Previous<\/span>\n<span aria-current=\"page\" class=\"page-numbers current\"><span class=\"elementor-screen-only\">Page<\/span>1<\/span>\n<a class=\"page-numbers\" href=\"https:\/\/biodiversa.ec\/en\/wp-json\/wp\/v2\/pages\/326\/page\/2\/\"><span class=\"elementor-screen-only\">Page<\/span>2<\/a>\n<a class=\"page-numbers\" href=\"https:\/\/biodiversa.ec\/en\/wp-json\/wp\/v2\/pages\/326\/page\/3\/\"><span class=\"elementor-screen-only\">Page<\/span>3<\/a>\n<a class=\"page-numbers next\" href=\"https:\/\/biodiversa.ec\/en\/wp-json\/wp\/v2\/pages\/326\/page\/2\/\">Next<\/a>\t\t<\/nav>\n\t\t\t\t\t\t<\/div>\n\t\t\t\t<\/div>\n\t\t\t\t\t<\/div>\n\t\t\t\t<\/div>\n\t\t\t\t<\/div>","protected":false},"excerpt":{"rendered":"<p>Proyectos Explora nuestros proyectos en conservaci\u00f3n y consultor\u00eda ambiental.<\/p>","protected":false},"author":1,"featured_media":0,"parent":0,"menu_order":0,"comment_status":"closed","ping_status":"closed","template":"","meta":{"site-sidebar-layout":"no-sidebar","site-content-layout":"","ast-site-content-layout":"full-width-container","site-content-style":"default","site-sidebar-style":"default","ast-global-header-display":"","ast-banner-title-visibility":"","ast-main-header-display":"","ast-hfb-above-header-display":"","ast-hfb-below-header-display":"","ast-hfb-mobile-header-display":"","site-post-title":"disabled","ast-breadcrumbs-content":"","ast-featured-img":"disabled","footer-sml-layout":"","theme-transparent-header-meta":"","adv-header-id-meta":"","stick-header-meta":"","header-above-stick-meta":"","header-main-stick-meta":"","header-below-stick-meta":"","astra-migrate-meta-layouts":"default","ast-page-background-enabled":"default","ast-page-background-meta":{"desktop":{"background-color":"var(--ast-global-color-5)","background-image":"","background-repeat":"repeat","background-position":"center center","background-size":"auto","background-attachment":"scroll","background-type":"","background-media":"","overlay-type":"","overlay-color":"","overlay-opacity":"","overlay-gradient":""},"tablet":{"background-color":"","background-image":"","background-repeat":"repeat","background-position":"center center","background-size":"auto","background-attachment":"scroll","background-type":"","background-media":"","overlay-type":"","overlay-color":"","overlay-opacity":"","overlay-gradient":""},"mobile":{"background-color":"","background-image":"","background-repeat":"repeat","background-position":"center center","background-size":"auto","background-attachment":"scroll","background-type":"","background-media":"","overlay-type":"","overlay-color":"","overlay-opacity":"","overlay-gradient":""}},"ast-content-background-meta":{"desktop":{"background-color":"var(--ast-global-color-4)","background-image":"","background-repeat":"repeat","background-position":"center center","background-size":"auto","background-attachment":"scroll","background-type":"","background-media":"","overlay-type":"","overlay-color":"","overlay-opacity":"","overlay-gradient":""},"tablet":{"background-color":"var(--ast-global-color-4)","background-image":"","background-repeat":"repeat","background-position":"center center","background-size":"auto","background-attachment":"scroll","background-type":"","background-media":"","overlay-type":"","overlay-color":"","overlay-opacity":"","overlay-gradient":""},"mobile":{"background-color":"var(--ast-global-color-4)","background-image":"","background-repeat":"repeat","background-position":"center center","background-size":"auto","background-attachment":"scroll","background-type":"","background-media":"","overlay-type":"","overlay-color":"","overlay-opacity":"","overlay-gradient":""}},"footnotes":""},"class_list":["post-326","page","type-page","status-publish","hentry"],"_links":{"self":[{"href":"https:\/\/biodiversa.ec\/en\/wp-json\/wp\/v2\/pages\/326","targetHints":{"allow":["GET"]}}],"collection":[{"href":"https:\/\/biodiversa.ec\/en\/wp-json\/wp\/v2\/pages"}],"about":[{"href":"https:\/\/biodiversa.ec\/en\/wp-json\/wp\/v2\/types\/page"}],"author":[{"embeddable":true,"href":"https:\/\/biodiversa.ec\/en\/wp-json\/wp\/v2\/users\/1"}],"replies":[{"embeddable":true,"href":"https:\/\/biodiversa.ec\/en\/wp-json\/wp\/v2\/comments?post=326"}],"version-history":[{"count":73,"href":"https:\/\/biodiversa.ec\/en\/wp-json\/wp\/v2\/pages\/326\/revisions"}],"predecessor-version":[{"id":556,"href":"https:\/\/biodiversa.ec\/en\/wp-json\/wp\/v2\/pages\/326\/revisions\/556"}],"wp:attachment":[{"href":"https:\/\/biodiversa.ec\/en\/wp-json\/wp\/v2\/media?parent=326"}],"curies":[{"name":"wp","href":"https:\/\/api.w.org\/{rel}","templated":true}]}}