{"id":36,"date":"2025-03-07T15:19:43","date_gmt":"2025-03-07T15:19:43","guid":{"rendered":"https:\/\/biodiversa.ec\/?page_id=36"},"modified":"2025-03-24T22:48:47","modified_gmt":"2025-03-24T22:48:47","slug":"servicios","status":"publish","type":"page","link":"https:\/\/biodiversa.ec\/en\/servicios\/","title":{"rendered":"Services"},"content":{"rendered":"<div data-elementor-type=\"wp-page\" data-elementor-id=\"36\" class=\"elementor elementor-36\" data-elementor-post-type=\"page\">\n\t\t\t\t<div class=\"elementor-element elementor-element-d9bbec6 e-con-full e-flex e-con e-parent\" data-id=\"d9bbec6\" data-element_type=\"container\" data-settings=\"{&quot;background_background&quot;:&quot;classic&quot;}\">\n\t\t\t\t<div class=\"elementor-element elementor-element-70af242 elementor-widget elementor-widget-heading\" data-id=\"70af242\" data-element_type=\"widget\" data-widget_type=\"heading.default\">\n\t\t\t\t<div class=\"elementor-widget-container\">\n\t\t\t\t\t<h2 class=\"elementor-heading-title elementor-size-default\">Services<br>\nAdvisory and Technical Assistance<\/h2>\t\t\t\t<\/div>\n\t\t\t\t<\/div>\n\t\t\t\t<\/div>\n\t\t<div class=\"elementor-element elementor-element-46f1dc7 e-flex e-con-boxed e-con e-parent\" data-id=\"46f1dc7\" data-element_type=\"container\">\n\t\t\t\t\t<div class=\"e-con-inner\">\n\t\t<div class=\"elementor-element elementor-element-6acc457 e-con-full e-flex e-con e-child\" data-id=\"6acc457\" data-element_type=\"container\">\n\t\t\t\t<div class=\"elementor-element elementor-element-627402a elementor-widget elementor-widget-heading\" data-id=\"627402a\" data-element_type=\"widget\" id=\"cga\" data-widget_type=\"heading.default\">\n\t\t\t\t<div class=\"elementor-widget-container\">\n\t\t\t\t\t<h3 class=\"elementor-heading-title elementor-size-default\">Consultancy and Environmental Management<\/h3>\t\t\t\t<\/div>\n\t\t\t\t<\/div>\n\t\t\t\t<div class=\"elementor-element elementor-element-f4684c5 elementor-widget elementor-widget-text-editor\" data-id=\"f4684c5\" data-element_type=\"widget\" data-widget_type=\"text-editor.default\">\n\t\t\t\t<div class=\"elementor-widget-container\">\n\t\t\t\t\t\t\t\t\t<p>Environmental Impact Studies<\/p><p>Environmental Compliance Audits<\/p><p>Environmental Management Plans<\/p><p>Environmental Reports<\/p><p>Semiannual and Annual Monitoring Reports<\/p><p>Action Plans<\/p>\t\t\t\t\t\t\t\t<\/div>\n\t\t\t\t<\/div>\n\t\t\t\t<\/div>\n\t\t<div class=\"elementor-element elementor-element-b6836f3 e-con-full e-flex e-con e-child\" data-id=\"b6836f3\" data-element_type=\"container\">\n\t\t\t\t<div class=\"elementor-element elementor-element-25f5695 elementor-widget elementor-widget-heading\" data-id=\"25f5695\" data-element_type=\"widget\" id=\"pe\" data-widget_type=\"heading.default\">\n\t\t\t\t<div class=\"elementor-widget-container\">\n\t\t\t\t\t<h3 class=\"elementor-heading-title elementor-size-default\">Stategic Planning<\/h3>\t\t\t\t<\/div>\n\t\t\t\t<\/div>\n\t\t\t\t<div class=\"elementor-element elementor-element-97f5c2a elementor-widget elementor-widget-text-editor\" data-id=\"97f5c2a\" data-element_type=\"widget\" data-widget_type=\"text-editor.default\">\n\t\t\t\t<div class=\"elementor-widget-container\">\n\t\t\t\t\t\t\t\t\t<p>Protected Area Planning and Management<\/p><p>Territorial Planning and Development Plans<\/p><p>Environmental and Social Projects<\/p><p>Conservation Plans for Threatened Species<\/p><p>Advisory Services in the Creation and Optimization of Public Policy<\/p><p>\u00a0<\/p>\t\t\t\t\t\t\t\t<\/div>\n\t\t\t\t<\/div>\n\t\t\t\t<\/div>\n\t\t\t\t\t<\/div>\n\t\t\t\t<\/div>\n\t\t<div class=\"elementor-element elementor-element-9710f9c e-flex e-con-boxed e-con e-parent\" data-id=\"9710f9c\" data-element_type=\"container\">\n\t\t\t\t\t<div class=\"e-con-inner\">\n\t\t<div class=\"elementor-element elementor-element-0dcc8af e-con-full e-flex e-con e-child\" data-id=\"0dcc8af\" data-element_type=\"container\">\n\t\t\t\t<div class=\"elementor-element elementor-element-c05b2ab elementor-widget elementor-widget-heading\" data-id=\"c05b2ab\" data-element_type=\"widget\" id=\"ia\" data-widget_type=\"heading.default\">\n\t\t\t\t<div class=\"elementor-widget-container\">\n\t\t\t\t\t<h3 class=\"elementor-heading-title elementor-size-default\">Data Analysis and Applied Research<\/h3>\t\t\t\t<\/div>\n\t\t\t\t<\/div>\n\t\t\t\t<div class=\"elementor-element elementor-element-22e80bd elementor-widget elementor-widget-text-editor\" data-id=\"22e80bd\" data-element_type=\"widget\" data-widget_type=\"text-editor.default\">\n\t\t\t\t<div class=\"elementor-widget-container\">\n\t\t\t\t\t\t\t\t\t<p>Statistical Analysis and Predictive Modeling<\/p><p>Geographic Information Systems (Spatial Analysis and Map Generation)<\/p><p>Participatory Research Methods<\/p><p>Business Intelligence and Data Visualization<\/p><p>Process Optimization and Analysis<\/p><p>Data Management and Quality<\/p><p><span style=\"font-style: inherit; font-weight: inherit; color: var( --e-global-color-text ); font-family: var( --e-global-typography-text-font-family ), Sans-serif; text-align: var(--text-align); background-color: var(--ast-global-color-5);\">Risk Analysis of Introduced Species<\/span><\/p><p><span style=\"font-style: inherit; font-weight: inherit; color: var( --e-global-color-text ); font-family: var( --e-global-typography-text-font-family ), Sans-serif; text-align: var(--text-align); background-color: var(--ast-global-color-5);\">Ecosystem Services Evaluation<\/span><\/p><p>Social and Economic Studies<\/p><p>Biodiversity Assessment (Terrestrial and Marine)<\/p>\t\t\t\t\t\t\t\t<\/div>\n\t\t\t\t<\/div>\n\t\t\t\t<\/div>\n\t\t<div class=\"elementor-element elementor-element-daf7867 e-con-full e-flex e-con e-child\" data-id=\"daf7867\" data-element_type=\"container\">\n\t\t\t\t<div class=\"elementor-element elementor-element-263d3fb elementor-widget elementor-widget-heading\" data-id=\"263d3fb\" data-element_type=\"widget\" id=\"dea\" data-widget_type=\"heading.default\">\n\t\t\t\t<div class=\"elementor-widget-container\">\n\t\t\t\t\t<h3 class=\"elementor-heading-title elementor-size-default\">Sustainable Vessel Design<\/h3>\t\t\t\t<\/div>\n\t\t\t\t<\/div>\n\t\t\t\t<div class=\"elementor-element elementor-element-e385503 elementor-widget elementor-widget-text-editor\" data-id=\"e385503\" data-element_type=\"widget\" data-widget_type=\"text-editor.default\">\n\t\t\t\t<div class=\"elementor-widget-container\">\n\t\t\t\t\t\t\t\t\t<p>Analysis of carbon emissions from vessels over time to study the environmental impact of the current fleet.<\/p>\n<p>Design of Low- or Zero-Carbon Emission Vessels for transportation, research, monitoring and surveillance, or recreational use.<\/p>\n<p>Consulting, design, and management of vessel modifications\u2014such as series or parallel hybrid propulsion systems or battery-electric systems\u2014to reduce or eliminate carbon emissions while maintaining equivalent or superior capabilities.<\/p>\n<p>Consulting, design, and management of vessel modifications to enhance capabilities in response to evolving and diverse needs\u2014for example, increasing a vessel\u2019s stability at low speeds to serve as a dive platform.<\/p>\t\t\t\t\t\t\t\t<\/div>\n\t\t\t\t<\/div>\n\t\t\t\t<\/div>\n\t\t\t\t\t<\/div>\n\t\t\t\t<\/div>\n\t\t<div class=\"elementor-element elementor-element-061913c e-flex e-con-boxed e-con e-parent\" data-id=\"061913c\" data-element_type=\"container\">\n\t\t\t\t\t<div class=\"e-con-inner\">\n\t\t<div class=\"elementor-element elementor-element-9375e11 e-con-full elementor-hidden-mobile e-flex e-con e-child\" data-id=\"9375e11\" data-element_type=\"container\">\n\t\t\t\t<\/div>\n\t\t<div class=\"elementor-element elementor-element-b8ee9ce e-con-full e-flex e-con e-child\" data-id=\"b8ee9ce\" data-element_type=\"container\">\n\t\t\t\t<div class=\"elementor-element elementor-element-51f63c6 elementor-widget elementor-widget-heading\" data-id=\"51f63c6\" data-element_type=\"widget\" id=\"c\" data-widget_type=\"heading.default\">\n\t\t\t\t<div class=\"elementor-widget-container\">\n\t\t\t\t\t<h3 class=\"elementor-heading-title elementor-size-default\">Training<\/h3>\t\t\t\t<\/div>\n\t\t\t\t<\/div>\n\t\t\t\t<div class=\"elementor-element elementor-element-34ff55b elementor-widget elementor-widget-text-editor\" data-id=\"34ff55b\" data-element_type=\"widget\" data-widget_type=\"text-editor.default\">\n\t\t\t\t<div class=\"elementor-widget-container\">\n\t\t\t\t\t\t\t\t\t<p>Management and Restoration of Island Ecosystems<\/p><p>Design and Management of Protected Areas<\/p><p>Conservation Strategies for Endemic Species<\/p><p>Applied Science for Conservation and Environmental Monitoring<\/p><p>Environmental Education and Community Participation<\/p>\t\t\t\t\t\t\t\t<\/div>\n\t\t\t\t<\/div>\n\t\t\t\t<\/div>\n\t\t<div class=\"elementor-element elementor-element-70a7494 e-con-full elementor-hidden-mobile e-flex e-con e-child\" data-id=\"70a7494\" data-element_type=\"container\">\n\t\t\t\t<\/div>\n\t\t\t\t\t<\/div>\n\t\t\t\t<\/div>\n\t\t\t\t<\/div>","protected":false},"excerpt":{"rendered":"<p>Servicios Asesor\u00eda y Asistencia T\u00e9cnica Consultor\u00eda y Gesti\u00f3n Ambiental Estudios de Impacto Ambiental (EsIA) Auditor\u00edas Ambientales de Cumplimiento Planes de [&hellip;]<\/p>","protected":false},"author":1,"featured_media":0,"parent":0,"menu_order":0,"comment_status":"closed","ping_status":"closed","template":"","meta":{"site-sidebar-layout":"no-sidebar","site-content-layout":"","ast-site-content-layout":"full-width-container","site-content-style":"default","site-sidebar-style":"default","ast-global-header-display":"","ast-banner-title-visibility":"","ast-main-header-display":"","ast-hfb-above-header-display":"","ast-hfb-below-header-display":"","ast-hfb-mobile-header-display":"","site-post-title":"disabled","ast-breadcrumbs-content":"","ast-featured-img":"disabled","footer-sml-layout":"","theme-transparent-header-meta":"","adv-header-id-meta":"","stick-header-meta":"","header-above-stick-meta":"","header-main-stick-meta":"","header-below-stick-meta":"","astra-migrate-meta-layouts":"default","ast-page-background-enabled":"default","ast-page-background-meta":{"desktop":{"background-color":"var(--ast-global-color-5)","background-image":"","background-repeat":"repeat","background-position":"center center","background-size":"auto","background-attachment":"scroll","background-type":"","background-media":"","overlay-type":"","overlay-color":"","overlay-opacity":"","overlay-gradient":""},"tablet":{"background-color":"","background-image":"","background-repeat":"repeat","background-position":"center center","background-size":"auto","background-attachment":"scroll","background-type":"","background-media":"","overlay-type":"","overlay-color":"","overlay-opacity":"","overlay-gradient":""},"mobile":{"background-color":"","background-image":"","background-repeat":"repeat","background-position":"center center","background-size":"auto","background-attachment":"scroll","background-type":"","background-media":"","overlay-type":"","overlay-color":"","overlay-opacity":"","overlay-gradient":""}},"ast-content-background-meta":{"desktop":{"background-color":"var(--ast-global-color-4)","background-image":"","background-repeat":"repeat","background-position":"center center","background-size":"auto","background-attachment":"scroll","background-type":"","background-media":"","overlay-type":"","overlay-color":"","overlay-opacity":"","overlay-gradient":""},"tablet":{"background-color":"var(--ast-global-color-4)","background-image":"","background-repeat":"repeat","background-position":"center center","background-size":"auto","background-attachment":"scroll","background-type":"","background-media":"","overlay-type":"","overlay-color":"","overlay-opacity":"","overlay-gradient":""},"mobile":{"background-color":"var(--ast-global-color-4)","background-image":"","background-repeat":"repeat","background-position":"center center","background-size":"auto","background-attachment":"scroll","background-type":"","background-media":"","overlay-type":"","overlay-color":"","overlay-opacity":"","overlay-gradient":""}},"footnotes":""},"class_list":["post-36","page","type-page","status-publish","hentry"],"_links":{"self":[{"href":"https:\/\/biodiversa.ec\/en\/wp-json\/wp\/v2\/pages\/36","targetHints":{"allow":["GET"]}}],"collection":[{"href":"https:\/\/biodiversa.ec\/en\/wp-json\/wp\/v2\/pages"}],"about":[{"href":"https:\/\/biodiversa.ec\/en\/wp-json\/wp\/v2\/types\/page"}],"author":[{"embeddable":true,"href":"https:\/\/biodiversa.ec\/en\/wp-json\/wp\/v2\/users\/1"}],"replies":[{"embeddable":true,"href":"https:\/\/biodiversa.ec\/en\/wp-json\/wp\/v2\/comments?post=36"}],"version-history":[{"count":68,"href":"https:\/\/biodiversa.ec\/en\/wp-json\/wp\/v2\/pages\/36\/revisions"}],"predecessor-version":[{"id":1085,"href":"https:\/\/biodiversa.ec\/en\/wp-json\/wp\/v2\/pages\/36\/revisions\/1085"}],"wp:attachment":[{"href":"https:\/\/biodiversa.ec\/en\/wp-json\/wp\/v2\/media?parent=36"}],"curies":[{"name":"wp","href":"https:\/\/api.w.org\/{rel}","templated":true}]}}