{"id":36,"date":"2025-03-07T15:19:43","date_gmt":"2025-03-07T15:19:43","guid":{"rendered":"https:\/\/biodiversa.ec\/?page_id=36"},"modified":"2025-03-24T22:48:47","modified_gmt":"2025-03-24T22:48:47","slug":"servicios","status":"publish","type":"page","link":"https:\/\/biodiversa.ec\/es\/servicios\/","title":{"rendered":"Servicios"},"content":{"rendered":"\t\t<div data-elementor-type=\"wp-page\" data-elementor-id=\"36\" class=\"elementor elementor-36\" data-elementor-post-type=\"page\">\n\t\t\t\t<div class=\"elementor-element elementor-element-d9bbec6 e-con-full e-flex e-con e-parent\" data-id=\"d9bbec6\" data-element_type=\"container\" data-settings=\"{&quot;background_background&quot;:&quot;classic&quot;}\">\n\t\t\t\t<div class=\"elementor-element elementor-element-70af242 elementor-widget elementor-widget-heading\" data-id=\"70af242\" data-element_type=\"widget\" data-widget_type=\"heading.default\">\n\t\t\t\t<div class=\"elementor-widget-container\">\n\t\t\t\t\t<h2 class=\"elementor-heading-title elementor-size-default\">Servicios<br>\nAsesor\u00eda y Asistencia T\u00e9cnica<\/h2>\t\t\t\t<\/div>\n\t\t\t\t<\/div>\n\t\t\t\t<\/div>\n\t\t<div class=\"elementor-element elementor-element-46f1dc7 e-flex e-con-boxed e-con e-parent\" data-id=\"46f1dc7\" data-element_type=\"container\">\n\t\t\t\t\t<div class=\"e-con-inner\">\n\t\t<div class=\"elementor-element elementor-element-6acc457 e-con-full e-flex e-con e-child\" data-id=\"6acc457\" data-element_type=\"container\">\n\t\t\t\t<div class=\"elementor-element elementor-element-627402a elementor-widget elementor-widget-heading\" data-id=\"627402a\" data-element_type=\"widget\" id=\"cga\" data-widget_type=\"heading.default\">\n\t\t\t\t<div class=\"elementor-widget-container\">\n\t\t\t\t\t<h3 class=\"elementor-heading-title elementor-size-default\">Consultor\u00eda y Gesti\u00f3n Ambiental<\/h3>\t\t\t\t<\/div>\n\t\t\t\t<\/div>\n\t\t\t\t<div class=\"elementor-element elementor-element-f4684c5 elementor-widget elementor-widget-text-editor\" data-id=\"f4684c5\" data-element_type=\"widget\" data-widget_type=\"text-editor.default\">\n\t\t\t\t<div class=\"elementor-widget-container\">\n\t\t\t\t\t\t\t\t\t<p>Estudios de Impacto Ambiental (EsIA)<\/p><p>Auditor\u00edas Ambientales de Cumplimiento<\/p><p>Planes de Manejo Ambiental<\/p><p>Informes Ambientales<\/p><p>Informes de Seguimiento Semestral y Anuales<\/p><p>Planes de Acci\u00f3n<\/p>\t\t\t\t\t\t\t\t<\/div>\n\t\t\t\t<\/div>\n\t\t\t\t<\/div>\n\t\t<div class=\"elementor-element elementor-element-b6836f3 e-con-full e-flex e-con e-child\" data-id=\"b6836f3\" data-element_type=\"container\">\n\t\t\t\t<div class=\"elementor-element elementor-element-25f5695 elementor-widget elementor-widget-heading\" data-id=\"25f5695\" data-element_type=\"widget\" id=\"pe\" data-widget_type=\"heading.default\">\n\t\t\t\t<div class=\"elementor-widget-container\">\n\t\t\t\t\t<h3 class=\"elementor-heading-title elementor-size-default\">Planificaci\u00f3n Estrat\u00e9gica<\/h3>\t\t\t\t<\/div>\n\t\t\t\t<\/div>\n\t\t\t\t<div class=\"elementor-element elementor-element-97f5c2a elementor-widget elementor-widget-text-editor\" data-id=\"97f5c2a\" data-element_type=\"widget\" data-widget_type=\"text-editor.default\">\n\t\t\t\t<div class=\"elementor-widget-container\">\n\t\t\t\t\t\t\t\t\t<p>Planificaci\u00f3n y Manejo de \u00c1reas Protegidas<\/p><p>Planes de Ordenamiento territorial y Desarrollo<\/p><p>Proyectos ambientales y sociales<\/p><p>Planes de conservaci\u00f3n de especies amenazadas<\/p><p>Asesor\u00eda en creaci\u00f3n y optimizaci\u00f3n de pol\u00edticas p\u00fablicas<\/p><p>\u00a0<\/p>\t\t\t\t\t\t\t\t<\/div>\n\t\t\t\t<\/div>\n\t\t\t\t<\/div>\n\t\t\t\t\t<\/div>\n\t\t\t\t<\/div>\n\t\t<div class=\"elementor-element elementor-element-9710f9c e-flex e-con-boxed e-con e-parent\" data-id=\"9710f9c\" data-element_type=\"container\">\n\t\t\t\t\t<div class=\"e-con-inner\">\n\t\t<div class=\"elementor-element elementor-element-0dcc8af e-con-full e-flex e-con e-child\" data-id=\"0dcc8af\" data-element_type=\"container\">\n\t\t\t\t<div class=\"elementor-element elementor-element-c05b2ab elementor-widget elementor-widget-heading\" data-id=\"c05b2ab\" data-element_type=\"widget\" id=\"ia\" data-widget_type=\"heading.default\">\n\t\t\t\t<div class=\"elementor-widget-container\">\n\t\t\t\t\t<h3 class=\"elementor-heading-title elementor-size-default\">An\u00e1lisis de Datos e Investigaci\u00f3n Aplicada<\/h3>\t\t\t\t<\/div>\n\t\t\t\t<\/div>\n\t\t\t\t<div class=\"elementor-element elementor-element-22e80bd elementor-widget elementor-widget-text-editor\" data-id=\"22e80bd\" data-element_type=\"widget\" data-widget_type=\"text-editor.default\">\n\t\t\t\t<div class=\"elementor-widget-container\">\n\t\t\t\t\t\t\t\t\t<p>An\u00e1lisis Estad\u00edstico y Modelaje Predictivo<\/p><p>Sistemas de Informaci\u00f3n Geogr\u00e1fica (An\u00e1lisis espaciales y generaci\u00f3n de mapas)<\/p><p>M\u00e9todos de Investigaci\u00f3n Participativos<\/p><p>Inteligencia de Negocios y Visualizaci\u00f3n de Datos<\/p><p>Optimizaci\u00f3n y An\u00e1lisis de Procesos<\/p><p>Gesti\u00f3n y Calidad de Datos<\/p><p><span style=\"font-style: inherit; font-weight: inherit; color: var( --e-global-color-text ); font-family: var( --e-global-typography-text-font-family ), Sans-serif; text-align: var(--text-align); background-color: var(--ast-global-color-5);\">An\u00e1lisis de Riesgo de Especies Introducidas<\/span><\/p><p><span style=\"font-style: inherit; font-weight: inherit; color: var( --e-global-color-text ); font-family: var( --e-global-typography-text-font-family ), Sans-serif; text-align: var(--text-align); background-color: var(--ast-global-color-5);\">Servicios Ecosist\u00e9micos<\/span><\/p><p>Estudios Sociales y Econ\u00f3micos<\/p><p>Evaluaci\u00f3n de la Biodiversidad (Terrestre y Marina)<\/p>\t\t\t\t\t\t\t\t<\/div>\n\t\t\t\t<\/div>\n\t\t\t\t<\/div>\n\t\t<div class=\"elementor-element elementor-element-daf7867 e-con-full e-flex e-con e-child\" data-id=\"daf7867\" data-element_type=\"container\">\n\t\t\t\t<div class=\"elementor-element elementor-element-263d3fb elementor-widget elementor-widget-heading\" data-id=\"263d3fb\" data-element_type=\"widget\" id=\"dea\" data-widget_type=\"heading.default\">\n\t\t\t\t<div class=\"elementor-widget-container\">\n\t\t\t\t\t<h3 class=\"elementor-heading-title elementor-size-default\">Dise\u00f1o de Embarcaciones Sostenibles<\/h3>\t\t\t\t<\/div>\n\t\t\t\t<\/div>\n\t\t\t\t<div class=\"elementor-element elementor-element-e385503 elementor-widget elementor-widget-text-editor\" data-id=\"e385503\" data-element_type=\"widget\" data-widget_type=\"text-editor.default\">\n\t\t\t\t<div class=\"elementor-widget-container\">\n\t\t\t\t\t\t\t\t\t<p>\u2060An\u00e1lisis de las emisiones de carbono de embarcaciones a lo largo del tiempo para estudiar el impacto ambiental de la flota actual.<\/p>\n<p>Dise\u00f1o de embarcaciones con bajas o cero emisiones de carbono para transporte, investigaci\u00f3n, control y vigilancia o uso recreativo.<\/p>\n<p>Asesoramiento, dise\u00f1o y gesti\u00f3n de modificaciones a embarcaciones, como sistemas de propulsi\u00f3n h\u00edbridos en serie o paralelos o el\u00e9ctricos de bater\u00eda, para reducir o eliminar las emisiones de carbono, manteniendo capacidades equivalentes o superiores.<\/p>\n<p>Asesoramiento, dise\u00f1o y gesti\u00f3n de modificaciones para aumentar las capacidades de las embarcaciones para satisfacer necesidades cambiantes y diversas, como aumentar la estabilidad de una embarcaci\u00f3n a bajas velocidades para servir como embarcaci\u00f3n de buceo<\/p>\t\t\t\t\t\t\t\t<\/div>\n\t\t\t\t<\/div>\n\t\t\t\t<\/div>\n\t\t\t\t\t<\/div>\n\t\t\t\t<\/div>\n\t\t<div class=\"elementor-element elementor-element-061913c e-flex e-con-boxed e-con e-parent\" data-id=\"061913c\" data-element_type=\"container\">\n\t\t\t\t\t<div class=\"e-con-inner\">\n\t\t<div class=\"elementor-element elementor-element-9375e11 e-con-full elementor-hidden-mobile e-flex e-con e-child\" data-id=\"9375e11\" data-element_type=\"container\">\n\t\t\t\t<\/div>\n\t\t<div class=\"elementor-element elementor-element-b8ee9ce e-con-full e-flex e-con e-child\" data-id=\"b8ee9ce\" data-element_type=\"container\">\n\t\t\t\t<div class=\"elementor-element elementor-element-51f63c6 elementor-widget elementor-widget-heading\" data-id=\"51f63c6\" data-element_type=\"widget\" id=\"c\" data-widget_type=\"heading.default\">\n\t\t\t\t<div class=\"elementor-widget-container\">\n\t\t\t\t\t<h3 class=\"elementor-heading-title elementor-size-default\">Capacitaci\u00f3n<\/h3>\t\t\t\t<\/div>\n\t\t\t\t<\/div>\n\t\t\t\t<div class=\"elementor-element elementor-element-34ff55b elementor-widget elementor-widget-text-editor\" data-id=\"34ff55b\" data-element_type=\"widget\" data-widget_type=\"text-editor.default\">\n\t\t\t\t<div class=\"elementor-widget-container\">\n\t\t\t\t\t\t\t\t\t<p>Manejo y Restauraci\u00f3n de Ecosistemas Insulares<\/p><p>Dise\u00f1o y Gesti\u00f3n de \u00c1reas Protegidas<\/p><p>Estrategias de Conservaci\u00f3n de Especies End\u00e9micas<\/p><p>Ciencia Aplicada a la Conservaci\u00f3n y Monitoreo Ambiental<\/p><p>Educaci\u00f3n Ambiental y Participaci\u00f3n Comunitaria<\/p>\t\t\t\t\t\t\t\t<\/div>\n\t\t\t\t<\/div>\n\t\t\t\t<\/div>\n\t\t<div class=\"elementor-element elementor-element-70a7494 e-con-full elementor-hidden-mobile e-flex e-con e-child\" data-id=\"70a7494\" data-element_type=\"container\">\n\t\t\t\t<\/div>\n\t\t\t\t\t<\/div>\n\t\t\t\t<\/div>\n\t\t\t\t<\/div>\n\t\t","protected":false},"excerpt":{"rendered":"<p>Servicios Asesor\u00eda y Asistencia T\u00e9cnica Consultor\u00eda y Gesti\u00f3n Ambiental Estudios de Impacto Ambiental (EsIA) Auditor\u00edas Ambientales de Cumplimiento Planes de [&hellip;]<\/p>\n","protected":false},"author":1,"featured_media":0,"parent":0,"menu_order":0,"comment_status":"closed","ping_status":"closed","template":"","meta":{"site-sidebar-layout":"no-sidebar","site-content-layout":"","ast-site-content-layout":"full-width-container","site-content-style":"default","site-sidebar-style":"default","ast-global-header-display":"","ast-banner-title-visibility":"","ast-main-header-display":"","ast-hfb-above-header-display":"","ast-hfb-below-header-display":"","ast-hfb-mobile-header-display":"","site-post-title":"disabled","ast-breadcrumbs-content":"","ast-featured-img":"disabled","footer-sml-layout":"","theme-transparent-header-meta":"","adv-header-id-meta":"","stick-header-meta":"","header-above-stick-meta":"","header-main-stick-meta":"","header-below-stick-meta":"","astra-migrate-meta-layouts":"default","ast-page-background-enabled":"default","ast-page-background-meta":{"desktop":{"background-color":"var(--ast-global-color-5)","background-image":"","background-repeat":"repeat","background-position":"center center","background-size":"auto","background-attachment":"scroll","background-type":"","background-media":"","overlay-type":"","overlay-color":"","overlay-opacity":"","overlay-gradient":""},"tablet":{"background-color":"","background-image":"","background-repeat":"repeat","background-position":"center center","background-size":"auto","background-attachment":"scroll","background-type":"","background-media":"","overlay-type":"","overlay-color":"","overlay-opacity":"","overlay-gradient":""},"mobile":{"background-color":"","background-image":"","background-repeat":"repeat","background-position":"center center","background-size":"auto","background-attachment":"scroll","background-type":"","background-media":"","overlay-type":"","overlay-color":"","overlay-opacity":"","overlay-gradient":""}},"ast-content-background-meta":{"desktop":{"background-color":"var(--ast-global-color-4)","background-image":"","background-repeat":"repeat","background-position":"center center","background-size":"auto","background-attachment":"scroll","background-type":"","background-media":"","overlay-type":"","overlay-color":"","overlay-opacity":"","overlay-gradient":""},"tablet":{"background-color":"var(--ast-global-color-4)","background-image":"","background-repeat":"repeat","background-position":"center center","background-size":"auto","background-attachment":"scroll","background-type":"","background-media":"","overlay-type":"","overlay-color":"","overlay-opacity":"","overlay-gradient":""},"mobile":{"background-color":"var(--ast-global-color-4)","background-image":"","background-repeat":"repeat","background-position":"center center","background-size":"auto","background-attachment":"scroll","background-type":"","background-media":"","overlay-type":"","overlay-color":"","overlay-opacity":"","overlay-gradient":""}},"footnotes":""},"class_list":["post-36","page","type-page","status-publish","hentry"],"_links":{"self":[{"href":"https:\/\/biodiversa.ec\/es\/wp-json\/wp\/v2\/pages\/36","targetHints":{"allow":["GET"]}}],"collection":[{"href":"https:\/\/biodiversa.ec\/es\/wp-json\/wp\/v2\/pages"}],"about":[{"href":"https:\/\/biodiversa.ec\/es\/wp-json\/wp\/v2\/types\/page"}],"author":[{"embeddable":true,"href":"https:\/\/biodiversa.ec\/es\/wp-json\/wp\/v2\/users\/1"}],"replies":[{"embeddable":true,"href":"https:\/\/biodiversa.ec\/es\/wp-json\/wp\/v2\/comments?post=36"}],"version-history":[{"count":68,"href":"https:\/\/biodiversa.ec\/es\/wp-json\/wp\/v2\/pages\/36\/revisions"}],"predecessor-version":[{"id":1085,"href":"https:\/\/biodiversa.ec\/es\/wp-json\/wp\/v2\/pages\/36\/revisions\/1085"}],"wp:attachment":[{"href":"https:\/\/biodiversa.ec\/es\/wp-json\/wp\/v2\/media?parent=36"}],"curies":[{"name":"wp","href":"https:\/\/api.w.org\/{rel}","templated":true}]}}