{"id":43,"date":"2025-03-07T15:20:17","date_gmt":"2025-03-07T15:20:17","guid":{"rendered":"https:\/\/biodiversa.ec\/?page_id=43"},"modified":"2025-04-21T21:11:13","modified_gmt":"2025-04-21T21:11:13","slug":"noticias","status":"publish","type":"page","link":"https:\/\/biodiversa.ec\/es\/noticias\/","title":{"rendered":"Noticias"},"content":{"rendered":"\t\t<div data-elementor-type=\"wp-page\" data-elementor-id=\"43\" class=\"elementor elementor-43\" data-elementor-post-type=\"page\">\n\t\t\t\t<div class=\"elementor-element elementor-element-87b74fe e-con-full e-flex e-con e-parent\" data-id=\"87b74fe\" data-element_type=\"container\" data-settings=\"{&quot;background_background&quot;:&quot;classic&quot;}\">\n\t\t\t\t<div class=\"elementor-element elementor-element-68c7a73 elementor-widget elementor-widget-heading\" data-id=\"68c7a73\" data-element_type=\"widget\" data-widget_type=\"heading.default\">\n\t\t\t\t<div class=\"elementor-widget-container\">\n\t\t\t\t\t<h2 class=\"elementor-heading-title elementor-size-default\">Noticias<\/h2>\t\t\t\t<\/div>\n\t\t\t\t<\/div>\n\t\t\t\t<\/div>\n\t\t<div class=\"elementor-element elementor-element-0a395c3 e-flex e-con-boxed e-con e-parent\" data-id=\"0a395c3\" data-element_type=\"container\">\n\t\t\t\t\t<div class=\"e-con-inner\">\n\t\t<div class=\"elementor-element elementor-element-6979262 e-con-full e-flex e-con e-child\" data-id=\"6979262\" data-element_type=\"container\">\n\t\t\t\t<div class=\"elementor-element elementor-element-cbf199d elementor-widget elementor-widget-text-editor\" data-id=\"cbf199d\" data-element_type=\"widget\" data-widget_type=\"text-editor.default\">\n\t\t\t\t<div class=\"elementor-widget-container\">\n\t\t\t\t\t\t\t\t\t<p><blockquote class=\"wp-embedded-content\" data-secret=\"JSatKtmhxv\"><a href=\"https:\/\/es.mongabay.com\/2025\/03\/ecuador-derrame-petroleo-esmeraldas-contaminacion\/\">Ecuador sufre uno de los peores derrames de petr\u00f3leo de su historia y hay unas 300 000 personas afectadas<\/a><\/blockquote><iframe class=\"wp-embedded-content\" sandbox=\"allow-scripts\" security=\"restricted\" style=\"position: absolute; visibility: hidden;\" title=\"\u00abEcuador sufre uno de los peores derrames de petr\u00f3leo de su historia y hay unas 300 000 personas afectadas\u00bb \u2014 Noticias ambientales\" src=\"https:\/\/es.mongabay.com\/2025\/03\/ecuador-derrame-petroleo-esmeraldas-contaminacion\/embed\/#?secret=BF4DfvxFHY#?secret=JSatKtmhxv\" data-secret=\"JSatKtmhxv\" width=\"500\" height=\"282\" frameborder=\"0\" marginwidth=\"0\" marginheight=\"0\" scrolling=\"no\"><\/iframe><\/p>\t\t\t\t\t\t\t\t<\/div>\n\t\t\t\t<\/div>\n\t\t\t\t<\/div>\n\t\t<div class=\"elementor-element elementor-element-fff0c33 e-con-full e-flex e-con e-child\" data-id=\"fff0c33\" data-element_type=\"container\">\n\t\t\t\t<div class=\"elementor-element elementor-element-197bc63 elementor-widget elementor-widget-text-editor\" data-id=\"197bc63\" data-element_type=\"widget\" data-widget_type=\"text-editor.default\">\n\t\t\t\t<div class=\"elementor-widget-container\">\n\t\t\t\t\t\t\t\t\t<p><span style=\"text-decoration: underline;\"><a href=\"https:\/\/www.ecoticias.com\/naturaleza\/cop16-finaliza-acuerdo-historico-financiacion-proteger-biodiversidad\">La COP16 finaliza con un acuerdo \u2018hist\u00f3rico\u2019 sobre la financiaci\u00f3n para proteger la biodiversidad<\/a><\/span><\/p>\t\t\t\t\t\t\t\t<\/div>\n\t\t\t\t<\/div>\n\t\t\t\t<\/div>\n\t\t\t\t\t<\/div>\n\t\t\t\t<\/div>\n\t\t<div class=\"elementor-element elementor-element-fb7e258 e-flex e-con-boxed e-con e-parent\" data-id=\"fb7e258\" data-element_type=\"container\">\n\t\t\t\t\t<div class=\"e-con-inner\">\n\t\t\t\t<div class=\"elementor-element elementor-element-f650e9c elementor-widget elementor-widget-text-editor\" data-id=\"f650e9c\" data-element_type=\"widget\" data-widget_type=\"text-editor.default\">\n\t\t\t\t<div class=\"elementor-widget-container\">\n\t\t\t\t\t\t\t\t\t<p><blockquote class=\"wp-embedded-content\" data-secret=\"3LPxIZw5uA\"><a href=\"https:\/\/es.mongabay.com\/2025\/04\/trafico-iguanas-de-galapagos-ecuador\/\">Tr\u00e1fico de iguanas de Gal\u00e1pagos: Ecuador nunca permiti\u00f3 la exportaci\u00f3n pero est\u00e1n en Europa, \u00c1frica y Asia<\/a><\/blockquote><iframe class=\"wp-embedded-content\" sandbox=\"allow-scripts\" security=\"restricted\" style=\"position: absolute; visibility: hidden;\" title=\"\u00abTr\u00e1fico de iguanas de Gal\u00e1pagos: Ecuador nunca permiti\u00f3 la exportaci\u00f3n pero est\u00e1n en Europa, \u00c1frica y Asia\u00bb \u2014 Noticias ambientales\" src=\"https:\/\/es.mongabay.com\/2025\/04\/trafico-iguanas-de-galapagos-ecuador\/embed\/#?secret=DlnLFhAKud#?secret=3LPxIZw5uA\" data-secret=\"3LPxIZw5uA\" width=\"500\" height=\"282\" frameborder=\"0\" marginwidth=\"0\" marginheight=\"0\" scrolling=\"no\"><\/iframe><\/p>\t\t\t\t\t\t\t\t<\/div>\n\t\t\t\t<\/div>\n\t\t\t\t\t<\/div>\n\t\t\t\t<\/div>\n\t\t\t\t<\/div>\n\t\t","protected":false},"excerpt":{"rendered":"<p>Noticias Ecuador sufre uno de los peores derrames de petr\u00f3leo de su historia y hay unas 300 000 personas afectadas [&hellip;]<\/p>\n","protected":false},"author":1,"featured_media":0,"parent":0,"menu_order":0,"comment_status":"closed","ping_status":"closed","template":"","meta":{"site-sidebar-layout":"no-sidebar","site-content-layout":"","ast-site-content-layout":"full-width-container","site-content-style":"default","site-sidebar-style":"default","ast-global-header-display":"","ast-banner-title-visibility":"","ast-main-header-display":"","ast-hfb-above-header-display":"","ast-hfb-below-header-display":"","ast-hfb-mobile-header-display":"","site-post-title":"disabled","ast-breadcrumbs-content":"","ast-featured-img":"disabled","footer-sml-layout":"","theme-transparent-header-meta":"","adv-header-id-meta":"","stick-header-meta":"","header-above-stick-meta":"","header-main-stick-meta":"","header-below-stick-meta":"","astra-migrate-meta-layouts":"default","ast-page-background-enabled":"default","ast-page-background-meta":{"desktop":{"background-color":"var(--ast-global-color-5)","background-image":"","background-repeat":"repeat","background-position":"center center","background-size":"auto","background-attachment":"scroll","background-type":"","background-media":"","overlay-type":"","overlay-color":"","overlay-opacity":"","overlay-gradient":""},"tablet":{"background-color":"","background-image":"","background-repeat":"repeat","background-position":"center center","background-size":"auto","background-attachment":"scroll","background-type":"","background-media":"","overlay-type":"","overlay-color":"","overlay-opacity":"","overlay-gradient":""},"mobile":{"background-color":"","background-image":"","background-repeat":"repeat","background-position":"center center","background-size":"auto","background-attachment":"scroll","background-type":"","background-media":"","overlay-type":"","overlay-color":"","overlay-opacity":"","overlay-gradient":""}},"ast-content-background-meta":{"desktop":{"background-color":"var(--ast-global-color-4)","background-image":"","background-repeat":"repeat","background-position":"center center","background-size":"auto","background-attachment":"scroll","background-type":"","background-media":"","overlay-type":"","overlay-color":"","overlay-opacity":"","overlay-gradient":""},"tablet":{"background-color":"var(--ast-global-color-4)","background-image":"","background-repeat":"repeat","background-position":"center center","background-size":"auto","background-attachment":"scroll","background-type":"","background-media":"","overlay-type":"","overlay-color":"","overlay-opacity":"","overlay-gradient":""},"mobile":{"background-color":"var(--ast-global-color-4)","background-image":"","background-repeat":"repeat","background-position":"center center","background-size":"auto","background-attachment":"scroll","background-type":"","background-media":"","overlay-type":"","overlay-color":"","overlay-opacity":"","overlay-gradient":""}},"footnotes":""},"class_list":["post-43","page","type-page","status-publish","hentry"],"_links":{"self":[{"href":"https:\/\/biodiversa.ec\/es\/wp-json\/wp\/v2\/pages\/43","targetHints":{"allow":["GET"]}}],"collection":[{"href":"https:\/\/biodiversa.ec\/es\/wp-json\/wp\/v2\/pages"}],"about":[{"href":"https:\/\/biodiversa.ec\/es\/wp-json\/wp\/v2\/types\/page"}],"author":[{"embeddable":true,"href":"https:\/\/biodiversa.ec\/es\/wp-json\/wp\/v2\/users\/1"}],"replies":[{"embeddable":true,"href":"https:\/\/biodiversa.ec\/es\/wp-json\/wp\/v2\/comments?post=43"}],"version-history":[{"count":29,"href":"https:\/\/biodiversa.ec\/es\/wp-json\/wp\/v2\/pages\/43\/revisions"}],"predecessor-version":[{"id":1117,"href":"https:\/\/biodiversa.ec\/es\/wp-json\/wp\/v2\/pages\/43\/revisions\/1117"}],"wp:attachment":[{"href":"https:\/\/biodiversa.ec\/es\/wp-json\/wp\/v2\/media?parent=43"}],"curies":[{"name":"wp","href":"https:\/\/api.w.org\/{rel}","templated":true}]}}